{"id":4889,"date":"2021-10-19T10:32:43","date_gmt":"2021-10-19T10:32:43","guid":{"rendered":"https:\/\/www.atlas-des-abris-ouverts.com\/home\/"},"modified":"2024-04-08T12:07:24","modified_gmt":"2024-04-08T12:07:24","slug":"home","status":"publish","type":"page","link":"https:\/\/www.atlas-des-abris-ouverts.com\/en\/","title":{"rendered":"Home"},"content":{"rendered":"\t\t<div data-elementor-type=\"wp-page\" data-elementor-id=\"4889\" class=\"elementor elementor-4889 elementor-10\" data-elementor-post-type=\"page\">\n\t\t\t\t\t\t<section class=\"elementor-section elementor-top-section elementor-element elementor-element-0b2d09f elementor-section-full_width elementor-section-height-default elementor-section-height-default\" data-id=\"0b2d09f\" data-element_type=\"section\" data-e-type=\"section\" data-settings=\"{&quot;background_background&quot;:&quot;classic&quot;,&quot;jet_parallax_layout_list&quot;:[]}\">\n\t\t\t\t\t\t\t<div class=\"elementor-background-overlay\"><\/div>\n\t\t\t\t\t\t\t<div class=\"elementor-container elementor-column-gap-default\">\n\t\t\t\t\t<div class=\"elementor-column elementor-col-100 elementor-top-column elementor-element elementor-element-91b3afa\" data-id=\"91b3afa\" data-element_type=\"column\" data-e-type=\"column\">\n\t\t\t<div class=\"elementor-widget-wrap elementor-element-populated\">\n\t\t\t\t\t\t<section class=\"elementor-section elementor-inner-section elementor-element elementor-element-3cb5b80f elementor-section-content-middle elementor-section-boxed elementor-section-height-default elementor-section-height-default\" data-id=\"3cb5b80f\" data-element_type=\"section\" data-e-type=\"section\" data-settings=\"{&quot;jet_parallax_layout_list&quot;:[{&quot;jet_parallax_layout_image&quot;:{&quot;url&quot;:&quot;&quot;,&quot;id&quot;:&quot;&quot;,&quot;size&quot;:&quot;&quot;},&quot;_id&quot;:&quot;9e6e5be&quot;,&quot;jet_parallax_layout_image_tablet&quot;:{&quot;url&quot;:&quot;&quot;,&quot;id&quot;:&quot;&quot;,&quot;size&quot;:&quot;&quot;},&quot;jet_parallax_layout_image_mobile&quot;:{&quot;url&quot;:&quot;&quot;,&quot;id&quot;:&quot;&quot;,&quot;size&quot;:&quot;&quot;},&quot;jet_parallax_layout_speed&quot;:{&quot;unit&quot;:&quot;%&quot;,&quot;size&quot;:50,&quot;sizes&quot;:[]},&quot;jet_parallax_layout_type&quot;:&quot;scroll&quot;,&quot;jet_parallax_layout_direction&quot;:&quot;1&quot;,&quot;jet_parallax_layout_fx_direction&quot;:null,&quot;jet_parallax_layout_z_index&quot;:&quot;&quot;,&quot;jet_parallax_layout_bg_x&quot;:50,&quot;jet_parallax_layout_bg_x_tablet&quot;:&quot;&quot;,&quot;jet_parallax_layout_bg_x_mobile&quot;:&quot;&quot;,&quot;jet_parallax_layout_bg_y&quot;:50,&quot;jet_parallax_layout_bg_y_tablet&quot;:&quot;&quot;,&quot;jet_parallax_layout_bg_y_mobile&quot;:&quot;&quot;,&quot;jet_parallax_layout_bg_size&quot;:&quot;auto&quot;,&quot;jet_parallax_layout_bg_size_tablet&quot;:&quot;&quot;,&quot;jet_parallax_layout_bg_size_mobile&quot;:&quot;&quot;,&quot;jet_parallax_layout_animation_prop&quot;:&quot;transform&quot;,&quot;jet_parallax_layout_on&quot;:[&quot;desktop&quot;,&quot;tablet&quot;]}]}\">\n\t\t\t\t\t\t<div class=\"elementor-container elementor-column-gap-default\">\n\t\t\t\t\t<div class=\"elementor-column elementor-col-100 elementor-inner-column elementor-element elementor-element-294a2b8d elementor-invisible\" data-id=\"294a2b8d\" data-element_type=\"column\" data-e-type=\"column\" data-settings=\"{&quot;animation&quot;:&quot;fadeInLeft&quot;}\">\n\t\t\t<div class=\"elementor-widget-wrap elementor-element-populated\">\n\t\t\t\t\t\t<div class=\"elementor-element elementor-element-83b3e49 elementor-widget elementor-widget-theme-site-logo elementor-widget-image\" data-id=\"83b3e49\" data-element_type=\"widget\" data-e-type=\"widget\" data-widget_type=\"theme-site-logo.default\">\n\t\t\t\t<div class=\"elementor-widget-container\">\n\t\t\t\t\t\t\t\t\t\t\t<a href=\"https:\/\/www.atlas-des-abris-ouverts.com\/en\/\">\n\t\t\t<img fetchpriority=\"high\" decoding=\"async\" width=\"798\" height=\"187\" src=\"https:\/\/www.atlas-des-abris-ouverts.com\/wp-content\/uploads\/2021\/03\/ATLAS-DES-ABRITS-OUVERTS.png\" class=\"attachment-full size-full wp-image-430\" alt=\"\" srcset=\"https:\/\/www.atlas-des-abris-ouverts.com\/wp-content\/uploads\/2021\/03\/ATLAS-DES-ABRITS-OUVERTS.png 798w, https:\/\/www.atlas-des-abris-ouverts.com\/wp-content\/uploads\/2021\/03\/ATLAS-DES-ABRITS-OUVERTS-300x70.png 300w, https:\/\/www.atlas-des-abris-ouverts.com\/wp-content\/uploads\/2021\/03\/ATLAS-DES-ABRITS-OUVERTS-768x180.png 768w\" sizes=\"(max-width: 798px) 100vw, 798px\" \/>\t\t\t\t<\/a>\n\t\t\t\t\t\t\t\t\t\t\t<\/div>\n\t\t\t\t<\/div>\n\t\t\t\t<div class=\"elementor-element elementor-element-73cfa5b elementor-widget elementor-widget-text-editor\" data-id=\"73cfa5b\" data-element_type=\"widget\" data-e-type=\"widget\" data-widget_type=\"text-editor.default\">\n\t\t\t\t<div class=\"elementor-widget-container\">\n\t\t\t\t\t\t\t\t\t<p><strong>The PFE &#8220;Building urbanity in an area exposed to natural hazards<\/strong><br><strong>102 graduates \/ 52 projects<\/strong><\/p>\n<p>This end-of-study project (PFE) educational program was initiated at L&#8217;Ensa Paris-la Villette in 2012 by \u00c9ric Daniel-Lacombe, its manager.<\/p>\n<p>Echoing the achievements of his agency EDL architecture (<em>from the resilient Matra district in 2008 to the development of the valleys of Nice in 2020&#8230;)<\/em>, \u00c9ric Daniel-Lacombe (EDL) realized that the complexity and urgency of such issues were not being addressed in architecture schools. Given the growing scale of climate and environmental disruption, it seemed essential that future architects should be able to grasp these issues during their training. Architects have limited means at their disposal to take part in such a program, but they wish to participate in the invention of this new architecture made necessary by climate change and the deterioration of our relationship with other living species (the Anthropocene).<\/p>\n<p>These graduation projects propose transformations based primarily on prevention and the promotion of natural regulations; they also aim to establish new links between architecture, landscape, urbanity and risk, revealing the double imaginary of open shelters, built between defensive withdrawal and openness to the richness of living environments.<\/p>\n<p><em>In semester S 9 of Master 2, \u00c9ric Daniel-Lacombe has been joined since 2017 by Yannick Gourvil, In semester S 10 of Master 2, \u00c9ric Daniel-Lacombe has been joined since 2015 by Xavier Bonnaud, who since 2022 has been replaced by S\u00e9verine Roussel.<\/em><\/p>\n<p>The Anthropocene is a new era in Earth&#8217;s history, marked by a new and progressive awareness of the life-destroying effects of our collective consumption of natural resources.<\/p>\t\t\t\t\t\t\t\t<\/div>\n\t\t\t\t<\/div>\n\t\t\t\t\t<\/div>\n\t\t<\/div>\n\t\t\t\t\t<\/div>\n\t\t<\/section>\n\t\t\t\t<section class=\"elementor-section elementor-inner-section elementor-element elementor-element-0bbdd30 elementor-section-content-middle elementor-hidden-mobile elementor-section-boxed elementor-section-height-default elementor-section-height-default\" data-id=\"0bbdd30\" data-element_type=\"section\" data-e-type=\"section\" data-settings=\"{&quot;jet_parallax_layout_list&quot;:[{&quot;jet_parallax_layout_image&quot;:{&quot;url&quot;:&quot;&quot;,&quot;id&quot;:&quot;&quot;,&quot;size&quot;:&quot;&quot;},&quot;_id&quot;:&quot;9e6e5be&quot;,&quot;jet_parallax_layout_image_tablet&quot;:{&quot;url&quot;:&quot;&quot;,&quot;id&quot;:&quot;&quot;,&quot;size&quot;:&quot;&quot;},&quot;jet_parallax_layout_image_mobile&quot;:{&quot;url&quot;:&quot;&quot;,&quot;id&quot;:&quot;&quot;,&quot;size&quot;:&quot;&quot;},&quot;jet_parallax_layout_speed&quot;:{&quot;unit&quot;:&quot;%&quot;,&quot;size&quot;:50,&quot;sizes&quot;:[]},&quot;jet_parallax_layout_type&quot;:&quot;scroll&quot;,&quot;jet_parallax_layout_direction&quot;:&quot;1&quot;,&quot;jet_parallax_layout_fx_direction&quot;:null,&quot;jet_parallax_layout_z_index&quot;:&quot;&quot;,&quot;jet_parallax_layout_bg_x&quot;:50,&quot;jet_parallax_layout_bg_x_tablet&quot;:&quot;&quot;,&quot;jet_parallax_layout_bg_x_mobile&quot;:&quot;&quot;,&quot;jet_parallax_layout_bg_y&quot;:50,&quot;jet_parallax_layout_bg_y_tablet&quot;:&quot;&quot;,&quot;jet_parallax_layout_bg_y_mobile&quot;:&quot;&quot;,&quot;jet_parallax_layout_bg_size&quot;:&quot;auto&quot;,&quot;jet_parallax_layout_bg_size_tablet&quot;:&quot;&quot;,&quot;jet_parallax_layout_bg_size_mobile&quot;:&quot;&quot;,&quot;jet_parallax_layout_animation_prop&quot;:&quot;transform&quot;,&quot;jet_parallax_layout_on&quot;:[&quot;desktop&quot;,&quot;tablet&quot;]}]}\">\n\t\t\t\t\t\t<div class=\"elementor-container elementor-column-gap-default\">\n\t\t\t\t\t<div class=\"elementor-column elementor-col-33 elementor-inner-column elementor-element elementor-element-67777b8 elementor-invisible\" data-id=\"67777b8\" data-element_type=\"column\" data-e-type=\"column\" data-settings=\"{&quot;animation&quot;:&quot;fadeInLeft&quot;}\">\n\t\t\t<div class=\"elementor-widget-wrap elementor-element-populated\">\n\t\t\t\t\t\t<div class=\"elementor-element elementor-element-e0fe371 elementor-widget elementor-widget-heading\" data-id=\"e0fe371\" data-element_type=\"widget\" data-e-type=\"widget\" data-widget_type=\"heading.default\">\n\t\t\t\t<div class=\"elementor-widget-container\">\n\t\t\t\t\t<h2 class=\"elementor-heading-title elementor-size-default\"><a href=\"https:\/\/www.atlas-des-abris-ouverts.com\/en\/hazards-and-risks\/\">1. HAZARDS <br>AND RISKS<\/a><\/h2>\t\t\t\t<\/div>\n\t\t\t\t<\/div>\n\t\t\t\t<div class=\"elementor-element elementor-element-07a1e90 elementor-view-default elementor-widget elementor-widget-icon\" data-id=\"07a1e90\" data-element_type=\"widget\" data-e-type=\"widget\" data-widget_type=\"icon.default\">\n\t\t\t\t<div class=\"elementor-widget-container\">\n\t\t\t\t\t\t\t<div class=\"elementor-icon-wrapper\">\n\t\t\t<a class=\"elementor-icon elementor-animation-grow\" href=\"https:\/\/www.atlas-des-abris-ouverts.com\/en\/hazards-and-risks\/\">\n\t\t\t<i aria-hidden=\"true\" class=\"fas fa-arrow-right\"><\/i>\t\t\t<\/a>\n\t\t<\/div>\n\t\t\t\t\t\t<\/div>\n\t\t\t\t<\/div>\n\t\t\t\t\t<\/div>\n\t\t<\/div>\n\t\t\t\t<div class=\"elementor-column elementor-col-33 elementor-inner-column elementor-element elementor-element-abf7729 elementor-invisible\" data-id=\"abf7729\" data-element_type=\"column\" data-e-type=\"column\" data-settings=\"{&quot;animation&quot;:&quot;fadeInDown&quot;}\">\n\t\t\t<div class=\"elementor-widget-wrap elementor-element-populated\">\n\t\t\t\t\t\t<div class=\"elementor-element elementor-element-f8e07ca elementor-widget elementor-widget-heading\" data-id=\"f8e07ca\" data-element_type=\"widget\" data-e-type=\"widget\" data-widget_type=\"heading.default\">\n\t\t\t\t<div class=\"elementor-widget-container\">\n\t\t\t\t\t<h3 class=\"elementor-heading-title elementor-size-default\"><a href=\"https:\/\/www.atlas-des-abris-ouverts.com\/en\/earthly-address\/\">2. EARTLHY <br>ADDRESS<\/a><\/h3>\t\t\t\t<\/div>\n\t\t\t\t<\/div>\n\t\t\t\t<div class=\"elementor-element elementor-element-e6faa76 elementor-view-default elementor-widget elementor-widget-icon\" data-id=\"e6faa76\" data-element_type=\"widget\" data-e-type=\"widget\" data-widget_type=\"icon.default\">\n\t\t\t\t<div class=\"elementor-widget-container\">\n\t\t\t\t\t\t\t<div class=\"elementor-icon-wrapper\">\n\t\t\t<a class=\"elementor-icon elementor-animation-grow\" href=\"https:\/\/www.atlas-des-abris-ouverts.com\/en\/earthly-address\/\">\n\t\t\t<i aria-hidden=\"true\" class=\"fas fa-arrow-right\"><\/i>\t\t\t<\/a>\n\t\t<\/div>\n\t\t\t\t\t\t<\/div>\n\t\t\t\t<\/div>\n\t\t\t\t\t<\/div>\n\t\t<\/div>\n\t\t\t\t<div class=\"elementor-column elementor-col-33 elementor-inner-column elementor-element elementor-element-301d0c5 elementor-invisible\" data-id=\"301d0c5\" data-element_type=\"column\" data-e-type=\"column\" data-settings=\"{&quot;animation&quot;:&quot;fadeInRight&quot;}\">\n\t\t\t<div class=\"elementor-widget-wrap elementor-element-populated\">\n\t\t\t\t\t\t<div class=\"elementor-element elementor-element-1354ab8 elementor-widget elementor-widget-heading\" data-id=\"1354ab8\" data-element_type=\"widget\" data-e-type=\"widget\" data-widget_type=\"heading.default\">\n\t\t\t\t<div class=\"elementor-widget-container\">\n\t\t\t\t\t<h3 class=\"elementor-heading-title elementor-size-default\"><a href=\"https:\/\/www.atlas-des-abris-ouverts.com\/en\/actions-and-notions-of-transformations\/\">3. ACTIONS AND CONCEPTS OF <br>NEW TRANSFORMATIONS<\/a><\/h3>\t\t\t\t<\/div>\n\t\t\t\t<\/div>\n\t\t\t\t<div class=\"elementor-element elementor-element-f83e8db elementor-view-default elementor-widget elementor-widget-icon\" data-id=\"f83e8db\" data-element_type=\"widget\" data-e-type=\"widget\" data-widget_type=\"icon.default\">\n\t\t\t\t<div class=\"elementor-widget-container\">\n\t\t\t\t\t\t\t<div class=\"elementor-icon-wrapper\">\n\t\t\t<a class=\"elementor-icon elementor-animation-grow\" href=\"https:\/\/www.atlas-des-abris-ouverts.com\/en\/actions-and-notions-of-transformations\/\">\n\t\t\t<i aria-hidden=\"true\" class=\"fas fa-arrow-right\"><\/i>\t\t\t<\/a>\n\t\t<\/div>\n\t\t\t\t\t\t<\/div>\n\t\t\t\t<\/div>\n\t\t\t\t\t<\/div>\n\t\t<\/div>\n\t\t\t\t\t<\/div>\n\t\t<\/section>\n\t\t\t\t\t<\/div>\n\t\t<\/div>\n\t\t\t\t\t<\/div>\n\t\t<\/section>\n\t\t\t\t<\/div>\n\t\t","protected":false},"excerpt":{"rendered":"<p>The PFE &#8220;Building urbanity in an area exposed to natural hazards102 graduates \/ 52 projects This end-of-study project (PFE) educational program was initiated at L&#8217;Ensa Paris-la Villette in 2012 by \u00c9ric Daniel-Lacombe, its manager. Echoing the achievements of his agency EDL architecture (from the resilient Matra district in 2008 to the development of the valleys [&hellip;]<\/p>\n","protected":false},"author":1,"featured_media":0,"parent":0,"menu_order":0,"comment_status":"closed","ping_status":"closed","template":"elementor_header_footer","meta":{"ocean_post_layout":"","ocean_both_sidebars_style":"","ocean_both_sidebars_content_width":0,"ocean_both_sidebars_sidebars_width":0,"ocean_sidebar":"0","ocean_second_sidebar":"0","ocean_disable_margins":"enable","ocean_add_body_class":"","ocean_shortcode_before_top_bar":"","ocean_shortcode_after_top_bar":"","ocean_shortcode_before_header":"","ocean_shortcode_after_header":"","ocean_has_shortcode":"","ocean_shortcode_after_title":"","ocean_shortcode_before_footer_widgets":"","ocean_shortcode_after_footer_widgets":"","ocean_shortcode_before_footer_bottom":"","ocean_shortcode_after_footer_bottom":"","ocean_display_top_bar":"off","ocean_display_header":"off","ocean_header_style":"","ocean_center_header_left_menu":"0","ocean_custom_header_template":"0","ocean_custom_logo":0,"ocean_custom_retina_logo":0,"ocean_custom_logo_max_width":0,"ocean_custom_logo_tablet_max_width":0,"ocean_custom_logo_mobile_max_width":0,"ocean_custom_logo_max_height":0,"ocean_custom_logo_tablet_max_height":0,"ocean_custom_logo_mobile_max_height":0,"ocean_header_custom_menu":"0","ocean_menu_typo_font_family":"0","ocean_menu_typo_font_subset":"","ocean_menu_typo_font_size":0,"ocean_menu_typo_font_size_tablet":0,"ocean_menu_typo_font_size_mobile":0,"ocean_menu_typo_font_size_unit":"px","ocean_menu_typo_font_weight":"","ocean_menu_typo_font_weight_tablet":"","ocean_menu_typo_font_weight_mobile":"","ocean_menu_typo_transform":"","ocean_menu_typo_transform_tablet":"","ocean_menu_typo_transform_mobile":"","ocean_menu_typo_line_height":0,"ocean_menu_typo_line_height_tablet":0,"ocean_menu_typo_line_height_mobile":0,"ocean_menu_typo_line_height_unit":"","ocean_menu_typo_spacing":0,"ocean_menu_typo_spacing_tablet":0,"ocean_menu_typo_spacing_mobile":0,"ocean_menu_typo_spacing_unit":"","ocean_menu_link_color":"","ocean_menu_link_color_hover":"","ocean_menu_link_color_active":"","ocean_menu_link_background":"","ocean_menu_link_hover_background":"","ocean_menu_link_active_background":"","ocean_menu_social_links_bg":"","ocean_menu_social_hover_links_bg":"","ocean_menu_social_links_color":"","ocean_menu_social_hover_links_color":"","ocean_disable_title":"on","ocean_disable_heading":"default","ocean_post_title":"","ocean_post_subheading":"","ocean_post_title_style":"","ocean_post_title_background_color":"","ocean_post_title_background":0,"ocean_post_title_bg_image_position":"","ocean_post_title_bg_image_attachment":"","ocean_post_title_bg_image_repeat":"","ocean_post_title_bg_image_size":"","ocean_post_title_height":0,"ocean_post_title_bg_overlay":0.5,"ocean_post_title_bg_overlay_color":"","ocean_disable_breadcrumbs":"default","ocean_breadcrumbs_color":"","ocean_breadcrumbs_separator_color":"","ocean_breadcrumbs_links_color":"","ocean_breadcrumbs_links_hover_color":"","ocean_display_footer_widgets":"default","ocean_display_footer_bottom":"default","ocean_custom_footer_template":"0","footnotes":""},"class_list":["post-4889","page","type-page","status-publish","hentry","entry"],"yoast_head":"<!-- This site is optimized with the Yoast SEO plugin v27.5 - https:\/\/yoast.com\/product\/yoast-seo-wordpress\/ -->\n<title>Home - Atlas des abris ouverts<\/title>\n<meta name=\"robots\" content=\"index, follow, max-snippet:-1, max-image-preview:large, max-video-preview:-1\" \/>\n<link rel=\"canonical\" href=\"https:\/\/www.atlas-des-abris-ouverts.com\/en\/\" \/>\n<meta property=\"og:locale\" content=\"en_US\" \/>\n<meta property=\"og:type\" content=\"article\" \/>\n<meta property=\"og:title\" content=\"Home - Atlas des abris ouverts\" \/>\n<meta property=\"og:description\" content=\"The PFE &#8220;Building urbanity in an area exposed to natural hazards102 graduates \/ 52 projects This end-of-study project (PFE) educational program was initiated at L&#8217;Ensa Paris-la Villette in 2012 by \u00c9ric Daniel-Lacombe, its manager. Echoing the achievements of his agency EDL architecture (from the resilient Matra district in 2008 to the development of the valleys [&hellip;]\" \/>\n<meta property=\"og:url\" content=\"https:\/\/www.atlas-des-abris-ouverts.com\/en\/\" \/>\n<meta property=\"og:site_name\" content=\"Atlas des abris ouverts\" \/>\n<meta property=\"article:modified_time\" content=\"2024-04-08T12:07:24+00:00\" \/>\n<meta name=\"twitter:card\" content=\"summary_large_image\" \/>\n<meta name=\"twitter:label1\" content=\"Est. reading time\" \/>\n\t<meta name=\"twitter:data1\" content=\"2 minutes\" \/>\n<script type=\"application\/ld+json\" class=\"yoast-schema-graph\">{\"@context\":\"https:\\\/\\\/schema.org\",\"@graph\":[{\"@type\":\"WebPage\",\"@id\":\"https:\\\/\\\/www.atlas-des-abris-ouverts.com\\\/en\\\/\",\"url\":\"https:\\\/\\\/www.atlas-des-abris-ouverts.com\\\/en\\\/\",\"name\":\"Home - Atlas des abris ouverts\",\"isPartOf\":{\"@id\":\"https:\\\/\\\/www.atlas-des-abris-ouverts.com\\\/en\\\/#website\"},\"datePublished\":\"2021-10-19T10:32:43+00:00\",\"dateModified\":\"2024-04-08T12:07:24+00:00\",\"breadcrumb\":{\"@id\":\"https:\\\/\\\/www.atlas-des-abris-ouverts.com\\\/en\\\/#breadcrumb\"},\"inLanguage\":\"en-US\",\"potentialAction\":[{\"@type\":\"ReadAction\",\"target\":[\"https:\\\/\\\/www.atlas-des-abris-ouverts.com\\\/en\\\/\"]}]},{\"@type\":\"BreadcrumbList\",\"@id\":\"https:\\\/\\\/www.atlas-des-abris-ouverts.com\\\/en\\\/#breadcrumb\",\"itemListElement\":[{\"@type\":\"ListItem\",\"position\":1,\"name\":\"Home\",\"item\":\"https:\\\/\\\/www.atlas-des-abris-ouverts.com\\\/en\\\/\"},{\"@type\":\"ListItem\",\"position\":2,\"name\":\"Home\"}]},{\"@type\":\"WebSite\",\"@id\":\"https:\\\/\\\/www.atlas-des-abris-ouverts.com\\\/en\\\/#website\",\"url\":\"https:\\\/\\\/www.atlas-des-abris-ouverts.com\\\/en\\\/\",\"name\":\"Atlas des abris ouverts\",\"description\":\"\",\"publisher\":{\"@id\":\"https:\\\/\\\/www.atlas-des-abris-ouverts.com\\\/en\\\/#organization\"},\"potentialAction\":[{\"@type\":\"SearchAction\",\"target\":{\"@type\":\"EntryPoint\",\"urlTemplate\":\"https:\\\/\\\/www.atlas-des-abris-ouverts.com\\\/en\\\/?s={search_term_string}\"},\"query-input\":{\"@type\":\"PropertyValueSpecification\",\"valueRequired\":true,\"valueName\":\"search_term_string\"}}],\"inLanguage\":\"en-US\"},{\"@type\":\"Organization\",\"@id\":\"https:\\\/\\\/www.atlas-des-abris-ouverts.com\\\/en\\\/#organization\",\"name\":\"Atlas des abris ouverts\",\"url\":\"https:\\\/\\\/www.atlas-des-abris-ouverts.com\\\/en\\\/\",\"logo\":{\"@type\":\"ImageObject\",\"inLanguage\":\"en-US\",\"@id\":\"https:\\\/\\\/www.atlas-des-abris-ouverts.com\\\/en\\\/#\\\/schema\\\/logo\\\/image\\\/\",\"url\":\"https:\\\/\\\/www.atlas-des-abris-ouverts.com\\\/wp-content\\\/uploads\\\/2021\\\/03\\\/ATLAS-DES-ABRITS-OUVERTS.png\",\"contentUrl\":\"https:\\\/\\\/www.atlas-des-abris-ouverts.com\\\/wp-content\\\/uploads\\\/2021\\\/03\\\/ATLAS-DES-ABRITS-OUVERTS.png\",\"width\":798,\"height\":187,\"caption\":\"Atlas des abris ouverts\"},\"image\":{\"@id\":\"https:\\\/\\\/www.atlas-des-abris-ouverts.com\\\/en\\\/#\\\/schema\\\/logo\\\/image\\\/\"}}]}<\/script>\n<!-- \/ Yoast SEO plugin. -->","yoast_head_json":{"title":"Home - Atlas des abris ouverts","robots":{"index":"index","follow":"follow","max-snippet":"max-snippet:-1","max-image-preview":"max-image-preview:large","max-video-preview":"max-video-preview:-1"},"canonical":"https:\/\/www.atlas-des-abris-ouverts.com\/en\/","og_locale":"en_US","og_type":"article","og_title":"Home - Atlas des abris ouverts","og_description":"The PFE &#8220;Building urbanity in an area exposed to natural hazards102 graduates \/ 52 projects This end-of-study project (PFE) educational program was initiated at L&#8217;Ensa Paris-la Villette in 2012 by \u00c9ric Daniel-Lacombe, its manager. Echoing the achievements of his agency EDL architecture (from the resilient Matra district in 2008 to the development of the valleys [&hellip;]","og_url":"https:\/\/www.atlas-des-abris-ouverts.com\/en\/","og_site_name":"Atlas des abris ouverts","article_modified_time":"2024-04-08T12:07:24+00:00","twitter_card":"summary_large_image","twitter_misc":{"Est. reading time":"2 minutes"},"schema":{"@context":"https:\/\/schema.org","@graph":[{"@type":"WebPage","@id":"https:\/\/www.atlas-des-abris-ouverts.com\/en\/","url":"https:\/\/www.atlas-des-abris-ouverts.com\/en\/","name":"Home - Atlas des abris ouverts","isPartOf":{"@id":"https:\/\/www.atlas-des-abris-ouverts.com\/en\/#website"},"datePublished":"2021-10-19T10:32:43+00:00","dateModified":"2024-04-08T12:07:24+00:00","breadcrumb":{"@id":"https:\/\/www.atlas-des-abris-ouverts.com\/en\/#breadcrumb"},"inLanguage":"en-US","potentialAction":[{"@type":"ReadAction","target":["https:\/\/www.atlas-des-abris-ouverts.com\/en\/"]}]},{"@type":"BreadcrumbList","@id":"https:\/\/www.atlas-des-abris-ouverts.com\/en\/#breadcrumb","itemListElement":[{"@type":"ListItem","position":1,"name":"Home","item":"https:\/\/www.atlas-des-abris-ouverts.com\/en\/"},{"@type":"ListItem","position":2,"name":"Home"}]},{"@type":"WebSite","@id":"https:\/\/www.atlas-des-abris-ouverts.com\/en\/#website","url":"https:\/\/www.atlas-des-abris-ouverts.com\/en\/","name":"Atlas des abris ouverts","description":"","publisher":{"@id":"https:\/\/www.atlas-des-abris-ouverts.com\/en\/#organization"},"potentialAction":[{"@type":"SearchAction","target":{"@type":"EntryPoint","urlTemplate":"https:\/\/www.atlas-des-abris-ouverts.com\/en\/?s={search_term_string}"},"query-input":{"@type":"PropertyValueSpecification","valueRequired":true,"valueName":"search_term_string"}}],"inLanguage":"en-US"},{"@type":"Organization","@id":"https:\/\/www.atlas-des-abris-ouverts.com\/en\/#organization","name":"Atlas des abris ouverts","url":"https:\/\/www.atlas-des-abris-ouverts.com\/en\/","logo":{"@type":"ImageObject","inLanguage":"en-US","@id":"https:\/\/www.atlas-des-abris-ouverts.com\/en\/#\/schema\/logo\/image\/","url":"https:\/\/www.atlas-des-abris-ouverts.com\/wp-content\/uploads\/2021\/03\/ATLAS-DES-ABRITS-OUVERTS.png","contentUrl":"https:\/\/www.atlas-des-abris-ouverts.com\/wp-content\/uploads\/2021\/03\/ATLAS-DES-ABRITS-OUVERTS.png","width":798,"height":187,"caption":"Atlas des abris ouverts"},"image":{"@id":"https:\/\/www.atlas-des-abris-ouverts.com\/en\/#\/schema\/logo\/image\/"}}]}},"_links":{"self":[{"href":"https:\/\/www.atlas-des-abris-ouverts.com\/en\/wp-json\/wp\/v2\/pages\/4889","targetHints":{"allow":["GET"]}}],"collection":[{"href":"https:\/\/www.atlas-des-abris-ouverts.com\/en\/wp-json\/wp\/v2\/pages"}],"about":[{"href":"https:\/\/www.atlas-des-abris-ouverts.com\/en\/wp-json\/wp\/v2\/types\/page"}],"author":[{"embeddable":true,"href":"https:\/\/www.atlas-des-abris-ouverts.com\/en\/wp-json\/wp\/v2\/users\/1"}],"replies":[{"embeddable":true,"href":"https:\/\/www.atlas-des-abris-ouverts.com\/en\/wp-json\/wp\/v2\/comments?post=4889"}],"version-history":[{"count":45,"href":"https:\/\/www.atlas-des-abris-ouverts.com\/en\/wp-json\/wp\/v2\/pages\/4889\/revisions"}],"predecessor-version":[{"id":6749,"href":"https:\/\/www.atlas-des-abris-ouverts.com\/en\/wp-json\/wp\/v2\/pages\/4889\/revisions\/6749"}],"wp:attachment":[{"href":"https:\/\/www.atlas-des-abris-ouverts.com\/en\/wp-json\/wp\/v2\/media?parent=4889"}],"curies":[{"name":"wp","href":"https:\/\/api.w.org\/{rel}","templated":true}]}}